{"id":1018,"date":"2020-02-01T20:29:51","date_gmt":"2020-02-02T00:29:51","guid":{"rendered":"http:\/\/canchagua.gob.ec\/cotopaxi\/?page_id=1018"},"modified":"2021-07-30T15:32:30","modified_gmt":"2021-07-30T19:32:30","slug":"https-www-facebook-com-100003632765141-videos-2671462609651472-3","status":"publish","type":"page","link":"https:\/\/canchagua.gob.ec\/cotopaxi\/https-www-facebook-com-100003632765141-videos-2671462609651472-3\/","title":{"rendered":"Rendici\u00f3n de Cuentas 2020"},"content":{"rendered":"<p>PROCESO DE RENDICI\u00d3N DE CUENTAS DEL A\u00d1O 2019<\/p>\n<p>FASE I: PLANIFICACI\u00d3N Y FACILITACI\u00d3N DEL PROCESO DESDE LA ASAMBLEA<\/p>\n<p><a href=\"https:\/\/canchagua.gob.ec\/cotopaxi\/wp-content\/uploads\/2020\/11\/ACTA-DE-ELECCI\u00d3N-DE-RESPONSABLE-DE-R.C.pdf\">ACTA DE ELECCI\u00d3N DE RESPONSABLE DE R.C<\/a><\/p>\n<p><a href=\"https:\/\/canchagua.gob.ec\/cotopaxi\/wp-content\/uploads\/2021\/07\/LEVANTAMMIENTO-DE-CONSULTA.pdf\">LEVANTAMMIENTO DE CONSULTA<\/a><\/p>\n<p><a href=\"https:\/\/canchagua.gob.ec\/cotopaxi\/wp-content\/uploads\/2021\/07\/HOJA-DE-RUTA.pdf\">HOJA DE RUTA<\/a><\/p>\n<p>FASE II: ELABORACI\u00d3N DE LA RENDICI\u00d3N DE CUENTAS<\/p>\n<p><a href=\"https:\/\/canchagua.gob.ec\/cotopaxi\/wp-content\/uploads\/2021\/07\/ENTREGA-DE-INFORME.pdf\">ENTREGA DE INFORME<\/a><\/p>\n<p><a href=\"https:\/\/canchagua.gob.ec\/cotopaxi\/wp-content\/uploads\/2021\/07\/INFORME-DE-RENDICION-DE-CUENTAS.pdf\">INFORME DE RENDICION DE CUENTAS<\/a><\/p>\n<p><a href=\"https:\/\/canchagua.gob.ec\/cotopaxi\/wp-content\/uploads\/2021\/07\/OFICO-RECIBIDO-MP.pdf\">OFICO RECIBIDO MP<\/a><\/p>\n<p>FASE III: DELIBERACI\u00d3N PUBLICA DEL INFORME DE RENDICI\u00d3N DE CUENTAS<\/p>\n<p><a href=\"https:\/\/canchagua.gob.ec\/cotopaxi\/wp-content\/uploads\/2021\/06\/WhatsApp-Image-2021-06-09-at-10.26.35.jpeg\"><img loading=\"lazy\" decoding=\"async\" src=\"https:\/\/canchagua.gob.ec\/cotopaxi\/wp-content\/uploads\/2021\/06\/WhatsApp-Image-2021-06-09-at-10.26.35.jpeg\" alt=\"\" width=\"429\" height=\"583\" class=\"alignnone size-full wp-image-1440\" \/><\/a><\/p>\n<p>https:\/\/www.facebook.com\/100003632765141\/videos\/2895475143916883\/<br \/>\n<a href=\"https:\/\/canchagua.gob.ec\/cotopaxi\/wp-content\/uploads\/2021\/07\/Reporte-CPC-de-Rendicion-de-cuentas-a\u00f1o-2020.pdf\">Reporte CPC de Rendicion de cuentas a\u00f1o 2020<\/a><\/p>\n","protected":false},"excerpt":{"rendered":"<p>PROCESO DE RENDICI\u00d3N DE CUENTAS DEL A\u00d1O 2019 FASE I: PLANIFICACI\u00d3N Y FACILITACI\u00d3N DEL PROCESO DESDE LA ASAMBLEA ACTA DE ELECCI\u00d3N DE RESPONSABLE DE R.C LEVANTAMMIENTO DE CONSULTA HOJA DE RUTA FASE II: ELABORACI\u00d3N DE LA RENDICI\u00d3N DE CUENTAS ENTREGA DE INFORME INFORME DE RENDICION DE CUENTAS OFICO RECIBIDO MP FASE III: DELIBERACI\u00d3N PUBLICA DEL [&hellip;]<\/p>\n","protected":false},"author":2,"featured_media":0,"parent":0,"menu_order":0,"comment_status":"closed","ping_status":"closed","template":"","meta":{"footnotes":""},"yst_prominent_words":[165,167,172,166,164,162],"class_list":["post-1018","page","type-page","status-publish","hentry"],"_links":{"self":[{"href":"https:\/\/canchagua.gob.ec\/cotopaxi\/wp-json\/wp\/v2\/pages\/1018","targetHints":{"allow":["GET"]}}],"collection":[{"href":"https:\/\/canchagua.gob.ec\/cotopaxi\/wp-json\/wp\/v2\/pages"}],"about":[{"href":"https:\/\/canchagua.gob.ec\/cotopaxi\/wp-json\/wp\/v2\/types\/page"}],"author":[{"embeddable":true,"href":"https:\/\/canchagua.gob.ec\/cotopaxi\/wp-json\/wp\/v2\/users\/2"}],"replies":[{"embeddable":true,"href":"https:\/\/canchagua.gob.ec\/cotopaxi\/wp-json\/wp\/v2\/comments?post=1018"}],"version-history":[{"count":16,"href":"https:\/\/canchagua.gob.ec\/cotopaxi\/wp-json\/wp\/v2\/pages\/1018\/revisions"}],"predecessor-version":[{"id":1462,"href":"https:\/\/canchagua.gob.ec\/cotopaxi\/wp-json\/wp\/v2\/pages\/1018\/revisions\/1462"}],"wp:attachment":[{"href":"https:\/\/canchagua.gob.ec\/cotopaxi\/wp-json\/wp\/v2\/media?parent=1018"}],"wp:term":[{"taxonomy":"yst_prominent_words","embeddable":true,"href":"https:\/\/canchagua.gob.ec\/cotopaxi\/wp-json\/wp\/v2\/yst_prominent_words?post=1018"}],"curies":[{"name":"wp","href":"https:\/\/api.w.org\/{rel}","templated":true}]}}